{"id":98,"date":"2024-01-25T21:39:34","date_gmt":"2024-01-25T20:39:34","guid":{"rendered":"https:\/\/evajaku.com\/pl\/?page_id=98"},"modified":"2024-01-29T22:31:13","modified_gmt":"2024-01-29T21:31:13","slug":"polityka-prywatnosci","status":"publish","type":"page","link":"https:\/\/evajaku.com\/pl\/polityka-prywatnosci\/","title":{"rendered":"Polityka prywatno\u015bci"},"content":{"rendered":"<p>[et_pb_section fb_built=&#8221;1&#8243; custom_padding_last_edited=&#8221;on|tablet&#8221; admin_label=&#8221;Header&#8221; _builder_version=&#8221;4.16&#8243; background_color=&#8221;#fcf9ec&#8221; background_image=&#8221;http:\/\/evajaku.com\/wp-content\/uploads\/2024\/01\/model-cv-28.png&#8221; background_size=&#8221;contain&#8221; background_position=&#8221;top_center&#8221; custom_padding=&#8221;0px||0px|||&#8221; custom_padding_tablet=&#8221;||50px||false|false&#8221; custom_padding_phone=&#8221;&#8221; da_disable_devices=&#8221;off|off|off&#8221; global_colors_info=&#8221;{}&#8221; da_is_popup=&#8221;off&#8221; da_exit_intent=&#8221;off&#8221; da_has_close=&#8221;on&#8221; da_alt_close=&#8221;off&#8221; da_dark_close=&#8221;off&#8221; da_not_modal=&#8221;on&#8221; da_is_singular=&#8221;off&#8221; da_with_loader=&#8221;off&#8221; da_has_shadow=&#8221;on&#8221;][et_pb_row _builder_version=&#8221;4.23.4&#8243; max_width=&#8221;none&#8221; custom_padding=&#8221;53px||0px|||&#8221; global_colors_info=&#8221;{}&#8221;][et_pb_column type=&#8221;4_4&#8243; _builder_version=&#8221;4.16&#8243; global_colors_info=&#8221;{}&#8221;][et_pb_text _builder_version=&#8221;4.24.0&#8243; text_font=&#8221;|600|||||||&#8221; text_font_size=&#8221;16px&#8221; text_line_height=&#8221;1.6em&#8221; header_2_font=&#8221;Chonburi||||||||&#8221; header_2_font_size=&#8221;32px&#8221; custom_margin=&#8221;0px||||false|false&#8221; global_colors_info=&#8221;{}&#8221;]<\/p>\n<h2>Polityka prywatno\u015bci<\/h2>\n<p>[\/et_pb_text][et_pb_text _builder_version=&#8221;4.24.0&#8243; _module_preset=&#8221;default&#8221; text_font=&#8221;|600|||||||&#8221; custom_padding=&#8221;||14px|||&#8221; hover_enabled=&#8221;0&#8243; global_colors_info=&#8221;{}&#8221; sticky_enabled=&#8221;0&#8243;]<\/p>\n<p><strong>WPROWADZENIE<\/strong><br \/>Witamy na evajaku.com, w\u0142asno\u015bci Ewy Jakubowskiej-P\u00e9rez. W niniejszej Polityce<br \/>Prywatno\u015bci wyja\u015bniamy, w jaki spos\u00f3b zbieramy, u\u017cywamy i chronimy dane osobowe, kt\u00f3re<br \/>nam udost\u0119pniasz podczas odwiedzania i korzystania z naszej strony internetowej.<br \/>Zobowi\u0105zujemy si\u0119 do zapewnienia prywatno\u015bci i bezpiecze\u0144stwa Twoich danych<br \/>osobowych zgodnie z obowi\u0105zuj\u0105cym prawem europejskim.<\/p>\n<p><strong>INFORMACJE, KT\u00d3RE ZBIERAMY<\/strong><br \/>Dane osobowe: Zbieramy informacje osobiste, kt\u00f3re dobrowolnie podajesz podczas<br \/>korzystania z naszej strony internetowej, takie jak imi\u0119, adres e-mail, adres pocztowy i<br \/>numer telefonu.<\/p>\n<p><strong>WYKORZYSTANIE INFORMACJI<\/strong><br \/>Zbierane informacje s\u0105 wykorzystywane w celach:<br \/>&#8211; \u015awiadczenia i personalizacji naszych us\u0142ug.<br \/>&#8211; Poprawy i optymalizacji naszej strony internetowej.<br \/>&#8211; Wysy\u0142ania aktualizacji, biuletyn\u00f3w i ofert specjalnych, pod warunkiem udzielenia zgody.<\/p>\n<p><strong>PRAWNA PODSTAWA PRZETWARZANIA DANYCH OSOBOWYCH<\/strong><br \/>Prawn\u0105 podstaw\u0105 przetwarzania Twoich danych osobowych jest udzielona nam przez Ciebie<br \/>zgoda na korzystanie z naszej strony internetowej i akceptacja niniejszej Polityki<br \/>Prywatno\u015bci.<\/p>\n<p><strong>UDOST\u0118PNIANIE INFORMACJI STRONOM TRZECIM<\/strong><br \/>Nie b\u0119dziemy udost\u0119pnia\u0107 Twoich danych osobowych stronom trzecim bez Twojej zgody,<br \/>chyba \u017ce jest to konieczne do spe\u0142nienia obowi\u0105zk\u00f3w prawnych.<\/p>\n<p><strong>BEZPIECZE\u0143STWO DANYCH<\/strong><br \/>Wdra\u017camy odpowiednie \u015brodki bezpiecze\u0144stwa w celu ochrony Twoich danych osobowych<br \/>przed nieuprawnionym dost\u0119pem, ujawnieniem, zmian\u0105 lub zniszczeniem.<\/p>\n<p><strong>PRAWA U\u017bYTKOWNIKA<\/strong><br \/>Masz pewne prawa w zwi\u0105zku z danymi osobowymi, w tym prawo dost\u0119pu, poprawy,<br \/>usuni\u0119cia, ograniczenia przetwarzania i sprzeciwu wobec przetwarzania. Mo\u017cesz skorzysta\u0107<br \/>z tych praw, wysy\u0142aj\u0105c nam \u017c\u0105danie za pomoc\u0105 formularza kontaktowego.<\/p>\n<p><strong>PLIKI COOKIE<\/strong><br \/>U\u017cywamy plik\u00f3w cookie i podobnych technologii w celu poprawy do\u015bwiadczenia<br \/>u\u017cytkownika. Mo\u017cesz skonfigurowa\u0107 swoj\u0105 przegl\u0105dark\u0119 tak, aby odrzuca\u0142a wszystkie lub<br \/>niekt\u00f3re pliki cookie, ale mo\u017ce to wp\u0142yn\u0105\u0107 na funkcjonalno\u015b\u0107 naszej strony internetowej.<\/p>\n<p><strong>ZMIANY W POLITYCE PRYWATNO\u015aCI<br \/><\/strong>Zastrzegamy sobie prawo do modyfikacji niniejszej Polityki Prywatno\u015bci w dowolnym<br \/>momencie. Zach\u0119camy do regularnego sprawdzania tej strony, aby by\u0107 \u015bwiadomym<br \/>wszelkich zmian.<\/p>\n<p><strong>KONTAKT<\/strong><br \/>Je\u015bli masz jakiekolwiek pytania lub obawy dotycz\u0105ce tej Polityki Prywatno\u015bci, mo\u017cesz<br \/>skontaktowa\u0107 si\u0119 z nami za pomoc\u0105 formularza kontaktowego.<\/p>\n<p>Dzi\u0119kujemy za zaufanie evajaku.com.<\/p>\n<p>\u200b<\/p>\n<p>&nbsp;<\/p>\n<p>[\/et_pb_text][\/et_pb_column][\/et_pb_row][\/et_pb_section]<\/p>\n","protected":false},"excerpt":{"rendered":"<p>Polityka prywatno\u015bciWPROWADZENIEWitamy na evajaku.com, w\u0142asno\u015bci Ewy Jakubowskiej-P\u00e9rez. W niniejszej PolitycePrywatno\u015bci wyja\u015bniamy, w jaki spos\u00f3b zbieramy, u\u017cywamy i chronimy dane osobowe, kt\u00f3renam udost\u0119pniasz podczas odwiedzania i korzystania z naszej strony internetowej.Zobowi\u0105zujemy si\u0119 do zapewnienia prywatno\u015bci i bezpiecze\u0144stwa Twoich danychosobowych zgodnie z obowi\u0105zuj\u0105cym prawem europejskim. INFORMACJE, KT\u00d3RE ZBIERAMYDane osobowe: Zbieramy informacje osobiste, kt\u00f3re dobrowolnie podajesz podczaskorzystania z [&hellip;]<\/p>\n","protected":false},"author":1,"featured_media":0,"parent":0,"menu_order":0,"comment_status":"closed","ping_status":"closed","template":"","meta":{"_et_pb_use_builder":"on","_et_pb_old_content":"","_et_gb_content_width":"","footnotes":""},"class_list":["post-98","page","type-page","status-publish","hentry"],"yoast_head":"<!-- This site is optimized with the Yoast SEO plugin v27.4 - https:\/\/yoast.com\/product\/yoast-seo-wordpress\/ -->\n<title>Polityka prywatno\u015bci - Eva Jakubovska<\/title>\n<meta name=\"robots\" content=\"index, follow, max-snippet:-1, max-image-preview:large, max-video-preview:-1\" \/>\n<link rel=\"canonical\" href=\"https:\/\/evajaku.com\/pl\/polityka-prywatnosci\/\" \/>\n<meta property=\"og:locale\" content=\"pl_PL\" \/>\n<meta property=\"og:type\" content=\"article\" \/>\n<meta property=\"og:title\" content=\"Polityka prywatno\u015bci - Eva Jakubovska\" \/>\n<meta property=\"og:description\" content=\"Polityka prywatno\u015bciWPROWADZENIEWitamy na evajaku.com, w\u0142asno\u015bci Ewy Jakubowskiej-P\u00e9rez. W niniejszej PolitycePrywatno\u015bci wyja\u015bniamy, w jaki spos\u00f3b zbieramy, u\u017cywamy i chronimy dane osobowe, kt\u00f3renam udost\u0119pniasz podczas odwiedzania i korzystania z naszej strony internetowej.Zobowi\u0105zujemy si\u0119 do zapewnienia prywatno\u015bci i bezpiecze\u0144stwa Twoich danychosobowych zgodnie z obowi\u0105zuj\u0105cym prawem europejskim. INFORMACJE, KT\u00d3RE ZBIERAMYDane osobowe: Zbieramy informacje osobiste, kt\u00f3re dobrowolnie podajesz podczaskorzystania z [&hellip;]\" \/>\n<meta property=\"og:url\" content=\"https:\/\/evajaku.com\/pl\/polityka-prywatnosci\/\" \/>\n<meta property=\"og:site_name\" content=\"Eva Jakubovska\" \/>\n<meta property=\"article:modified_time\" content=\"2024-01-29T21:31:13+00:00\" \/>\n<meta name=\"twitter:card\" content=\"summary_large_image\" \/>\n<meta name=\"twitter:label1\" content=\"Szacowany czas czytania\" \/>\n\t<meta name=\"twitter:data1\" content=\"2 minuty\" \/>\n<script type=\"application\/ld+json\" class=\"yoast-schema-graph\">{\"@context\":\"https:\\\/\\\/schema.org\",\"@graph\":[{\"@type\":\"WebPage\",\"@id\":\"https:\\\/\\\/evajaku.com\\\/pl\\\/polityka-prywatnosci\\\/\",\"url\":\"https:\\\/\\\/evajaku.com\\\/pl\\\/polityka-prywatnosci\\\/\",\"name\":\"Polityka prywatno\u015bci - Eva Jakubovska\",\"isPartOf\":{\"@id\":\"https:\\\/\\\/evajaku.com\\\/pl\\\/#website\"},\"datePublished\":\"2024-01-25T20:39:34+00:00\",\"dateModified\":\"2024-01-29T21:31:13+00:00\",\"breadcrumb\":{\"@id\":\"https:\\\/\\\/evajaku.com\\\/pl\\\/polityka-prywatnosci\\\/#breadcrumb\"},\"inLanguage\":\"pl-PL\",\"potentialAction\":[{\"@type\":\"ReadAction\",\"target\":[\"https:\\\/\\\/evajaku.com\\\/pl\\\/polityka-prywatnosci\\\/\"]}]},{\"@type\":\"BreadcrumbList\",\"@id\":\"https:\\\/\\\/evajaku.com\\\/pl\\\/polityka-prywatnosci\\\/#breadcrumb\",\"itemListElement\":[{\"@type\":\"ListItem\",\"position\":1,\"name\":\"Portada\",\"item\":\"https:\\\/\\\/evajaku.com\\\/pl\\\/\"},{\"@type\":\"ListItem\",\"position\":2,\"name\":\"Polityka prywatno\u015bci\"}]},{\"@type\":\"WebSite\",\"@id\":\"https:\\\/\\\/evajaku.com\\\/pl\\\/#website\",\"url\":\"https:\\\/\\\/evajaku.com\\\/pl\\\/\",\"name\":\"Eva Jakubovska\",\"description\":\"Aktorka i Filmowiec\",\"potentialAction\":[{\"@type\":\"SearchAction\",\"target\":{\"@type\":\"EntryPoint\",\"urlTemplate\":\"https:\\\/\\\/evajaku.com\\\/pl\\\/?s={search_term_string}\"},\"query-input\":{\"@type\":\"PropertyValueSpecification\",\"valueRequired\":true,\"valueName\":\"search_term_string\"}}],\"inLanguage\":\"pl-PL\"}]}<\/script>\n<!-- \/ Yoast SEO plugin. -->","yoast_head_json":{"title":"Polityka prywatno\u015bci - Eva Jakubovska","robots":{"index":"index","follow":"follow","max-snippet":"max-snippet:-1","max-image-preview":"max-image-preview:large","max-video-preview":"max-video-preview:-1"},"canonical":"https:\/\/evajaku.com\/pl\/polityka-prywatnosci\/","og_locale":"pl_PL","og_type":"article","og_title":"Polityka prywatno\u015bci - Eva Jakubovska","og_description":"Polityka prywatno\u015bciWPROWADZENIEWitamy na evajaku.com, w\u0142asno\u015bci Ewy Jakubowskiej-P\u00e9rez. W niniejszej PolitycePrywatno\u015bci wyja\u015bniamy, w jaki spos\u00f3b zbieramy, u\u017cywamy i chronimy dane osobowe, kt\u00f3renam udost\u0119pniasz podczas odwiedzania i korzystania z naszej strony internetowej.Zobowi\u0105zujemy si\u0119 do zapewnienia prywatno\u015bci i bezpiecze\u0144stwa Twoich danychosobowych zgodnie z obowi\u0105zuj\u0105cym prawem europejskim. INFORMACJE, KT\u00d3RE ZBIERAMYDane osobowe: Zbieramy informacje osobiste, kt\u00f3re dobrowolnie podajesz podczaskorzystania z [&hellip;]","og_url":"https:\/\/evajaku.com\/pl\/polityka-prywatnosci\/","og_site_name":"Eva Jakubovska","article_modified_time":"2024-01-29T21:31:13+00:00","twitter_card":"summary_large_image","twitter_misc":{"Szacowany czas czytania":"2 minuty"},"schema":{"@context":"https:\/\/schema.org","@graph":[{"@type":"WebPage","@id":"https:\/\/evajaku.com\/pl\/polityka-prywatnosci\/","url":"https:\/\/evajaku.com\/pl\/polityka-prywatnosci\/","name":"Polityka prywatno\u015bci - Eva Jakubovska","isPartOf":{"@id":"https:\/\/evajaku.com\/pl\/#website"},"datePublished":"2024-01-25T20:39:34+00:00","dateModified":"2024-01-29T21:31:13+00:00","breadcrumb":{"@id":"https:\/\/evajaku.com\/pl\/polityka-prywatnosci\/#breadcrumb"},"inLanguage":"pl-PL","potentialAction":[{"@type":"ReadAction","target":["https:\/\/evajaku.com\/pl\/polityka-prywatnosci\/"]}]},{"@type":"BreadcrumbList","@id":"https:\/\/evajaku.com\/pl\/polityka-prywatnosci\/#breadcrumb","itemListElement":[{"@type":"ListItem","position":1,"name":"Portada","item":"https:\/\/evajaku.com\/pl\/"},{"@type":"ListItem","position":2,"name":"Polityka prywatno\u015bci"}]},{"@type":"WebSite","@id":"https:\/\/evajaku.com\/pl\/#website","url":"https:\/\/evajaku.com\/pl\/","name":"Eva Jakubovska","description":"Aktorka i Filmowiec","potentialAction":[{"@type":"SearchAction","target":{"@type":"EntryPoint","urlTemplate":"https:\/\/evajaku.com\/pl\/?s={search_term_string}"},"query-input":{"@type":"PropertyValueSpecification","valueRequired":true,"valueName":"search_term_string"}}],"inLanguage":"pl-PL"}]}},"_links":{"self":[{"href":"https:\/\/evajaku.com\/pl\/wp-json\/wp\/v2\/pages\/98","targetHints":{"allow":["GET"]}}],"collection":[{"href":"https:\/\/evajaku.com\/pl\/wp-json\/wp\/v2\/pages"}],"about":[{"href":"https:\/\/evajaku.com\/pl\/wp-json\/wp\/v2\/types\/page"}],"author":[{"embeddable":true,"href":"https:\/\/evajaku.com\/pl\/wp-json\/wp\/v2\/users\/1"}],"replies":[{"embeddable":true,"href":"https:\/\/evajaku.com\/pl\/wp-json\/wp\/v2\/comments?post=98"}],"version-history":[{"count":4,"href":"https:\/\/evajaku.com\/pl\/wp-json\/wp\/v2\/pages\/98\/revisions"}],"predecessor-version":[{"id":3745,"href":"https:\/\/evajaku.com\/pl\/wp-json\/wp\/v2\/pages\/98\/revisions\/3745"}],"wp:attachment":[{"href":"https:\/\/evajaku.com\/pl\/wp-json\/wp\/v2\/media?parent=98"}],"curies":[{"name":"wp","href":"https:\/\/api.w.org\/{rel}","templated":true}]}}