{"id":92,"date":"2024-01-25T21:38:31","date_gmt":"2024-01-25T20:38:31","guid":{"rendered":"https:\/\/evajaku.com\/pl\/?page_id=92"},"modified":"2024-01-29T22:33:32","modified_gmt":"2024-01-29T21:33:32","slug":"polityka-plikow-cookie","status":"publish","type":"page","link":"https:\/\/evajaku.com\/pl\/polityka-plikow-cookie\/","title":{"rendered":"Polityka plik\u00f3w cookie"},"content":{"rendered":"<p>[et_pb_section fb_built=&#8221;1&#8243; custom_padding_last_edited=&#8221;on|tablet&#8221; admin_label=&#8221;Header&#8221; _builder_version=&#8221;4.16&#8243; background_color=&#8221;#fcf9ec&#8221; background_image=&#8221;http:\/\/evajaku.com\/wp-content\/uploads\/2024\/01\/model-cv-28.png&#8221; background_size=&#8221;contain&#8221; background_position=&#8221;top_center&#8221; custom_padding=&#8221;0px||0px|||&#8221; custom_padding_tablet=&#8221;||50px||false|false&#8221; custom_padding_phone=&#8221;&#8221; da_disable_devices=&#8221;off|off|off&#8221; global_colors_info=&#8221;{}&#8221; da_is_popup=&#8221;off&#8221; da_exit_intent=&#8221;off&#8221; da_has_close=&#8221;on&#8221; da_alt_close=&#8221;off&#8221; da_dark_close=&#8221;off&#8221; da_not_modal=&#8221;on&#8221; da_is_singular=&#8221;off&#8221; da_with_loader=&#8221;off&#8221; da_has_shadow=&#8221;on&#8221;][et_pb_row _builder_version=&#8221;4.23.4&#8243; max_width=&#8221;none&#8221; custom_padding=&#8221;53px||0px|||&#8221; global_colors_info=&#8221;{}&#8221;][et_pb_column type=&#8221;4_4&#8243; _builder_version=&#8221;4.16&#8243; global_colors_info=&#8221;{}&#8221;][et_pb_text _builder_version=&#8221;4.24.0&#8243; text_font=&#8221;|600|||||||&#8221; text_font_size=&#8221;16px&#8221; text_line_height=&#8221;1.6em&#8221; header_2_font=&#8221;Chonburi||||||||&#8221; header_2_font_size=&#8221;32px&#8221; custom_margin=&#8221;0px||||false|false&#8221; global_colors_info=&#8221;{}&#8221;]<\/p>\n<h2>Polityka plik\u00f3w cookie<\/h2>\n<p>[\/et_pb_text][et_pb_text _builder_version=&#8221;4.24.0&#8243; _module_preset=&#8221;default&#8221; text_font=&#8221;|600|||||||&#8221; custom_padding=&#8221;||14px|||&#8221; hover_enabled=&#8221;0&#8243; global_colors_info=&#8221;{}&#8221; sticky_enabled=&#8221;0&#8243;]<\/p>\n<p><strong>CO TO S\u0104 PLIKI COOKIE?<\/strong><br \/>Pliki cookie to ma\u0142e pliki tekstowe przechowywane na Twoim urz\u0105dzeniu podczas<br \/>odwiedzania strony internetowej. Pomagaj\u0105 poprawi\u0107 do\u015bwiadczenie u\u017cytkownika,<br \/>zapami\u0119tuj\u0105c Twoje preferencje i dostarczaj\u0105c anonimowych informacji do analizy strony.<\/p>\n<p><strong>RODZAJE WYKORZYSTYWANYCH PLIK\u00d3W COOKIE<\/strong><br \/>&#8211; Pliki cookie niezb\u0119dne:<br \/>Te pliki cookie s\u0105 niezb\u0119dne do dzia\u0142ania strony internetowej i pozwalaj\u0105 na nawigacj\u0119 oraz<br \/>korzystanie z jej podstawowych funkcji.<br \/>&#8211; Pliki cookie wydajno\u015bciowe:<br \/>U\u017cywamy tych plik\u00f3w cookie do zbierania informacji o korzystaniu ze strony internetowej,<br \/>takich jak odwiedzane strony i napotykane b\u0142\u0119dy. Pomaga to nam poprawi\u0107 wydajno\u015b\u0107<br \/>strony.<br \/>&#8211; Pliki cookie funkcjonalne:<br \/>Te pliki cookie pozwalaj\u0105 stronie internetowej zapami\u0119ta\u0107 Twoje wybory i dostarcza\u0107<br \/>spersonalizowane funkcje.<br \/>&#8211; Pliki cookie reklamowe:<br \/>U\u017cywamy plik\u00f3w cookie stron trzecich do wy\u015bwietlania spersonalizowanych reklam opartych<br \/>na Twoich zainteresowaniach i zachowaniach przegl\u0105dania.<\/p>\n<p><strong>ZGODA NA WYKORZYSTANIE PLIK\u00d3W COOKIE<\/strong><br \/>Korzystaj\u0105c z naszej strony internetowej, wyra\u017casz zgod\u0119 na wykorzystywanie plik\u00f3w cookie<br \/>zgodnie z t\u0105 polityk\u0105. Je\u015bli si\u0119 nie zgadzasz, mo\u017cesz dostosowa\u0107 ustawienia przegl\u0105darki, aby<br \/>odrzuci\u0107 pliki cookie, cho\u0107 mo\u017ce to wp\u0142yn\u0105\u0107 na funkcjonalno\u015b\u0107 strony.<\/p>\n<p><strong>USTAWIENIA PLIK\u00d3W COOKIE<\/strong><br \/>Mo\u017cesz zarz\u0105dza\u0107 preferencjami dotycz\u0105cymi plik\u00f3w cookie za pomoc\u0105 ustawie\u0144<br \/>przegl\u0105darki. Zapoznaj si\u0119 z instrukcjami przegl\u0105darki, aby dowiedzie\u0107 si\u0119, jak to zrobi\u0107.<\/p>\n<p><strong>ZMIANY W POLITYCE PLIK\u00d3W COOKIE<\/strong><br \/>Zastrzegamy sobie prawo do zmiany tej polityki plik\u00f3w cookie w dowolnym momencie.<br \/>Wszelkie istotne zmiany b\u0119d\u0105 komunikowane za po\u015brednictwem strony internetowej.<\/p>\n<p><strong>KONTAKT<\/strong><br \/>Je\u015bli masz pytania lub w\u0105tpliwo\u015bci dotycz\u0105ce naszej polityki plik\u00f3w cookie, mo\u017cesz<br \/>skontaktowa\u0107 si\u0119 z nami za pomoc\u0105 poni\u017cszego formularza kontaktowego.<br \/>Dzi\u0119kujemy za odwiedzenie evajaku.com i za zaufanie naszej platformie.<\/p>\n<p>[\/et_pb_text][\/et_pb_column][\/et_pb_row][\/et_pb_section]<\/p>\n","protected":false},"excerpt":{"rendered":"<p>Polityka plik\u00f3w cookieCO TO S\u0104 PLIKI COOKIE?Pliki cookie to ma\u0142e pliki tekstowe przechowywane na Twoim urz\u0105dzeniu podczasodwiedzania strony internetowej. Pomagaj\u0105 poprawi\u0107 do\u015bwiadczenie u\u017cytkownika,zapami\u0119tuj\u0105c Twoje preferencje i dostarczaj\u0105c anonimowych informacji do analizy strony. RODZAJE WYKORZYSTYWANYCH PLIK\u00d3W COOKIE- Pliki cookie niezb\u0119dne:Te pliki cookie s\u0105 niezb\u0119dne do dzia\u0142ania strony internetowej i pozwalaj\u0105 na nawigacj\u0119 orazkorzystanie z jej podstawowych [&hellip;]<\/p>\n","protected":false},"author":1,"featured_media":0,"parent":0,"menu_order":0,"comment_status":"closed","ping_status":"closed","template":"","meta":{"_et_pb_use_builder":"on","_et_pb_old_content":"","_et_gb_content_width":"","footnotes":""},"class_list":["post-92","page","type-page","status-publish","hentry"],"yoast_head":"<!-- This site is optimized with the Yoast SEO plugin v27.4 - https:\/\/yoast.com\/product\/yoast-seo-wordpress\/ -->\n<title>Polityka plik\u00f3w cookie - Eva Jakubovska<\/title>\n<meta name=\"robots\" content=\"index, follow, max-snippet:-1, max-image-preview:large, max-video-preview:-1\" \/>\n<link rel=\"canonical\" href=\"https:\/\/evajaku.com\/pl\/polityka-plikow-cookie\/\" \/>\n<meta property=\"og:locale\" content=\"pl_PL\" \/>\n<meta property=\"og:type\" content=\"article\" \/>\n<meta property=\"og:title\" content=\"Polityka plik\u00f3w cookie - Eva Jakubovska\" \/>\n<meta property=\"og:description\" content=\"Polityka plik\u00f3w cookieCO TO S\u0104 PLIKI COOKIE?Pliki cookie to ma\u0142e pliki tekstowe przechowywane na Twoim urz\u0105dzeniu podczasodwiedzania strony internetowej. Pomagaj\u0105 poprawi\u0107 do\u015bwiadczenie u\u017cytkownika,zapami\u0119tuj\u0105c Twoje preferencje i dostarczaj\u0105c anonimowych informacji do analizy strony. RODZAJE WYKORZYSTYWANYCH PLIK\u00d3W COOKIE- Pliki cookie niezb\u0119dne:Te pliki cookie s\u0105 niezb\u0119dne do dzia\u0142ania strony internetowej i pozwalaj\u0105 na nawigacj\u0119 orazkorzystanie z jej podstawowych [&hellip;]\" \/>\n<meta property=\"og:url\" content=\"https:\/\/evajaku.com\/pl\/polityka-plikow-cookie\/\" \/>\n<meta property=\"og:site_name\" content=\"Eva Jakubovska\" \/>\n<meta property=\"article:modified_time\" content=\"2024-01-29T21:33:32+00:00\" \/>\n<meta name=\"twitter:card\" content=\"summary_large_image\" \/>\n<meta name=\"twitter:label1\" content=\"Szacowany czas czytania\" \/>\n\t<meta name=\"twitter:data1\" content=\"2 minuty\" \/>\n<script type=\"application\/ld+json\" class=\"yoast-schema-graph\">{\"@context\":\"https:\\\/\\\/schema.org\",\"@graph\":[{\"@type\":\"WebPage\",\"@id\":\"https:\\\/\\\/evajaku.com\\\/pl\\\/polityka-plikow-cookie\\\/\",\"url\":\"https:\\\/\\\/evajaku.com\\\/pl\\\/polityka-plikow-cookie\\\/\",\"name\":\"Polityka plik\u00f3w cookie - Eva Jakubovska\",\"isPartOf\":{\"@id\":\"https:\\\/\\\/evajaku.com\\\/pl\\\/#website\"},\"datePublished\":\"2024-01-25T20:38:31+00:00\",\"dateModified\":\"2024-01-29T21:33:32+00:00\",\"breadcrumb\":{\"@id\":\"https:\\\/\\\/evajaku.com\\\/pl\\\/polityka-plikow-cookie\\\/#breadcrumb\"},\"inLanguage\":\"pl-PL\",\"potentialAction\":[{\"@type\":\"ReadAction\",\"target\":[\"https:\\\/\\\/evajaku.com\\\/pl\\\/polityka-plikow-cookie\\\/\"]}]},{\"@type\":\"BreadcrumbList\",\"@id\":\"https:\\\/\\\/evajaku.com\\\/pl\\\/polityka-plikow-cookie\\\/#breadcrumb\",\"itemListElement\":[{\"@type\":\"ListItem\",\"position\":1,\"name\":\"Portada\",\"item\":\"https:\\\/\\\/evajaku.com\\\/pl\\\/\"},{\"@type\":\"ListItem\",\"position\":2,\"name\":\"Polityka plik\u00f3w cookie\"}]},{\"@type\":\"WebSite\",\"@id\":\"https:\\\/\\\/evajaku.com\\\/pl\\\/#website\",\"url\":\"https:\\\/\\\/evajaku.com\\\/pl\\\/\",\"name\":\"Eva Jakubovska\",\"description\":\"Aktorka i Filmowiec\",\"potentialAction\":[{\"@type\":\"SearchAction\",\"target\":{\"@type\":\"EntryPoint\",\"urlTemplate\":\"https:\\\/\\\/evajaku.com\\\/pl\\\/?s={search_term_string}\"},\"query-input\":{\"@type\":\"PropertyValueSpecification\",\"valueRequired\":true,\"valueName\":\"search_term_string\"}}],\"inLanguage\":\"pl-PL\"}]}<\/script>\n<!-- \/ Yoast SEO plugin. -->","yoast_head_json":{"title":"Polityka plik\u00f3w cookie - Eva Jakubovska","robots":{"index":"index","follow":"follow","max-snippet":"max-snippet:-1","max-image-preview":"max-image-preview:large","max-video-preview":"max-video-preview:-1"},"canonical":"https:\/\/evajaku.com\/pl\/polityka-plikow-cookie\/","og_locale":"pl_PL","og_type":"article","og_title":"Polityka plik\u00f3w cookie - Eva Jakubovska","og_description":"Polityka plik\u00f3w cookieCO TO S\u0104 PLIKI COOKIE?Pliki cookie to ma\u0142e pliki tekstowe przechowywane na Twoim urz\u0105dzeniu podczasodwiedzania strony internetowej. Pomagaj\u0105 poprawi\u0107 do\u015bwiadczenie u\u017cytkownika,zapami\u0119tuj\u0105c Twoje preferencje i dostarczaj\u0105c anonimowych informacji do analizy strony. RODZAJE WYKORZYSTYWANYCH PLIK\u00d3W COOKIE- Pliki cookie niezb\u0119dne:Te pliki cookie s\u0105 niezb\u0119dne do dzia\u0142ania strony internetowej i pozwalaj\u0105 na nawigacj\u0119 orazkorzystanie z jej podstawowych [&hellip;]","og_url":"https:\/\/evajaku.com\/pl\/polityka-plikow-cookie\/","og_site_name":"Eva Jakubovska","article_modified_time":"2024-01-29T21:33:32+00:00","twitter_card":"summary_large_image","twitter_misc":{"Szacowany czas czytania":"2 minuty"},"schema":{"@context":"https:\/\/schema.org","@graph":[{"@type":"WebPage","@id":"https:\/\/evajaku.com\/pl\/polityka-plikow-cookie\/","url":"https:\/\/evajaku.com\/pl\/polityka-plikow-cookie\/","name":"Polityka plik\u00f3w cookie - Eva Jakubovska","isPartOf":{"@id":"https:\/\/evajaku.com\/pl\/#website"},"datePublished":"2024-01-25T20:38:31+00:00","dateModified":"2024-01-29T21:33:32+00:00","breadcrumb":{"@id":"https:\/\/evajaku.com\/pl\/polityka-plikow-cookie\/#breadcrumb"},"inLanguage":"pl-PL","potentialAction":[{"@type":"ReadAction","target":["https:\/\/evajaku.com\/pl\/polityka-plikow-cookie\/"]}]},{"@type":"BreadcrumbList","@id":"https:\/\/evajaku.com\/pl\/polityka-plikow-cookie\/#breadcrumb","itemListElement":[{"@type":"ListItem","position":1,"name":"Portada","item":"https:\/\/evajaku.com\/pl\/"},{"@type":"ListItem","position":2,"name":"Polityka plik\u00f3w cookie"}]},{"@type":"WebSite","@id":"https:\/\/evajaku.com\/pl\/#website","url":"https:\/\/evajaku.com\/pl\/","name":"Eva Jakubovska","description":"Aktorka i Filmowiec","potentialAction":[{"@type":"SearchAction","target":{"@type":"EntryPoint","urlTemplate":"https:\/\/evajaku.com\/pl\/?s={search_term_string}"},"query-input":{"@type":"PropertyValueSpecification","valueRequired":true,"valueName":"search_term_string"}}],"inLanguage":"pl-PL"}]}},"_links":{"self":[{"href":"https:\/\/evajaku.com\/pl\/wp-json\/wp\/v2\/pages\/92","targetHints":{"allow":["GET"]}}],"collection":[{"href":"https:\/\/evajaku.com\/pl\/wp-json\/wp\/v2\/pages"}],"about":[{"href":"https:\/\/evajaku.com\/pl\/wp-json\/wp\/v2\/types\/page"}],"author":[{"embeddable":true,"href":"https:\/\/evajaku.com\/pl\/wp-json\/wp\/v2\/users\/1"}],"replies":[{"embeddable":true,"href":"https:\/\/evajaku.com\/pl\/wp-json\/wp\/v2\/comments?post=92"}],"version-history":[{"count":5,"href":"https:\/\/evajaku.com\/pl\/wp-json\/wp\/v2\/pages\/92\/revisions"}],"predecessor-version":[{"id":3748,"href":"https:\/\/evajaku.com\/pl\/wp-json\/wp\/v2\/pages\/92\/revisions\/3748"}],"wp:attachment":[{"href":"https:\/\/evajaku.com\/pl\/wp-json\/wp\/v2\/media?parent=92"}],"curies":[{"name":"wp","href":"https:\/\/api.w.org\/{rel}","templated":true}]}}